{"id":7798,"date":"2025-02-04T11:11:41","date_gmt":"2025-02-04T10:11:41","guid":{"rendered":"https:\/\/gonzaloborondo.com\/about\/"},"modified":"2026-04-27T09:40:07","modified_gmt":"2026-04-27T07:40:07","slug":"about","status":"publish","type":"page","link":"https:\/\/gonzaloborondo.com\/it\/about\/","title":{"rendered":"ABOUT"},"content":{"rendered":"\t\t<div data-elementor-type=\"wp-page\" data-elementor-id=\"7798\" class=\"elementor elementor-7798 elementor-872\" data-elementor-post-type=\"page\">\n\t\t\t\t<div class=\"elementor-element elementor-element-8722b76 e-flex e-con-boxed e-con e-parent\" data-id=\"8722b76\" data-element_type=\"container\">\n\t\t\t\t\t<div class=\"e-con-inner\">\n\t\t<div class=\"elementor-element elementor-element-2909083 e-con-full e-flex e-con e-child\" data-id=\"2909083\" data-element_type=\"container\">\n\t\t\t\t<div class=\"elementor-element elementor-element-9c6a57b elementor-icon-list--layout-inline elementor-mobile-align-center elementor-list-item-link-full_width elementor-widget elementor-widget-icon-list\" data-id=\"9c6a57b\" data-element_type=\"widget\" data-widget_type=\"icon-list.default\">\n\t\t\t\t<div class=\"elementor-widget-container\">\n\t\t\t\t\t\t\t<ul class=\"elementor-icon-list-items elementor-inline-items\">\n\t\t\t\t\t\t\t<li class=\"elementor-icon-list-item elementor-inline-item\">\n\t\t\t\t\t\t\t\t\t\t<span class=\"elementor-icon-list-text\"><span style=\"color: black;\"><strong>Biografia<\/strong><\/span><\/span>\n\t\t\t\t\t\t\t\t\t<\/li>\n\t\t\t\t\t\t\t\t<li class=\"elementor-icon-list-item elementor-inline-item\">\n\t\t\t\t\t\t\t\t\t\t\t<a href=\"https:\/\/gonzaloborondo.com\/wp-content\/uploads\/2026\/04\/PORFOLIO_GONZALO_BORONDO_2026_ENG.pdf\" target=\"_blank\" rel=\"nofollow\">\n\n\t\t\t\t\t\t\t\t\t\t\t<span class=\"elementor-icon-list-text\">Portfolio<\/span>\n\t\t\t\t\t\t\t\t\t\t\t<\/a>\n\t\t\t\t\t\t\t\t\t<\/li>\n\t\t\t\t\t\t\t\t<li class=\"elementor-icon-list-item elementor-inline-item\">\n\t\t\t\t\t\t\t\t\t\t\t<a href=\"https:\/\/gonzaloborondo.com\/wp-content\/uploads\/2026\/04\/CV_2026_ENG.pdf\" target=\"_blank\" rel=\"nofollow\">\n\n\t\t\t\t\t\t\t\t\t\t\t<span class=\"elementor-icon-list-text\">curriculum<\/span>\n\t\t\t\t\t\t\t\t\t\t\t<\/a>\n\t\t\t\t\t\t\t\t\t<\/li>\n\t\t\t\t\t\t<\/ul>\n\t\t\t\t\t\t<\/div>\n\t\t\t\t<\/div>\n\t\t\t\t<\/div>\n\t\t\t\t<div class=\"elementor-element elementor-element-69bbd9b elementor-widget elementor-widget-text-editor\" data-id=\"69bbd9b\" data-element_type=\"widget\" data-widget_type=\"text-editor.default\">\n\t\t\t\t<div class=\"elementor-widget-container\">\n\t\t\t\t\t\t\t\t\t<p><b>Gonzalo Borondo<\/b> (Valladolid, 1989) ha iniziato la sua carriera artistica come muralista. Da allora, il dialogo con gli spazi, con l&#8217;architettura e con la strada \u00e8 fondamentale nei suoi progetti. Si \u00e8 interessato alla risignificazione dei contesti storici, alle narrazioni nascoste e al patrimonio presente nei luoghi in cui lavora. Cos\u00ec, i suoi interventi site-specific generano uno sguardo diverso sul passato, rivelando al contempo uno sguardo alternativo sul presente. L&#8217;opera di Borondo esplora il concetto di eredit\u00e0, il rapporto tra l&#8217;effimero e ci\u00f2 che dura nel tempo, tra ci\u00f2 che viene conservato e ci\u00f2 che viene scartato. Questa ricerca lo ha portato a lavorare con l&#8217;arte sacra, recuperando iconografie e simboli, nonch\u00e9 le idee di rituale, mistero e trascendenza, che ha reinterpretato in opere come Settimo Giorno o Hereditas. Le sue opere, ricche di simboli e racconti, si presentano al pubblico come mondi in cui addentrarsi, creando un&#8217;esperienza estetica ed emotiva immersiva. Nel suo lavoro confluiscono tecniche analogiche e digitali, diverse arti (arti plastiche, scultura, musica e poesia) e relazioni antagonistiche: l&#8217;industriale e il sacro, il naturale e l&#8217;artificiale.<\/p><p>Nella sua carriera si manifesta la volont\u00e0 di avvicinare la vita e l&#8217;opera, e una concezione del lavoro artistico basata sulla devozione, la dedizione e persino il sacrificio. Dal 2010 Gonzalo Borondo ha collaborato con numerose istituzioni, festival, musei e gallerie. Ha realizzato mostre personali in citt\u00e0 come Madrid, Roma, Milano, Parigi o Londra e creato installazioni in Inghilterra, Francia, Italia, Spagna, Australia, India, Ucraina e Stati Uniti. Le sue opere sono state esposte all&#8217;Urban Nation Museum (Berlino), al MACRO Museum (Roma), al Museo d&#8217;Arte Contemporanea Esteban Vicente (Segovia), al March\u00e9 aux puces (Marsiglia) e all&#8217;antica Chiesa di San Mattia (Bologna). La sua opera al Tempio di Chartrons \u00e8 stata acquisita dal Mus\u00e9e d&#8217;art Contemporain di Bordeaux come parte della sua collezione permanente. Dal 2023 \u00e8 membro titolare della Real Academia de Historia y Arte de San Quirce.<\/p><p>Attualmente lavora all&#8217;opera Mater, mostra personale per il Museo Villa Stuck di Monaco di Baviera.<\/p>\t\t\t\t\t\t\t\t<\/div>\n\t\t\t\t<\/div>\n\t\t\t\t\t<\/div>\n\t\t\t\t<\/div>\n\t\t\t\t<\/div>\n\t\t","protected":false},"excerpt":{"rendered":"<p>Biografia Portfolio curriculum Gonzalo Borondo (Valladolid, 1989) ha iniziato la sua carriera artistica come muralista. Da allora, il dialogo con gli spazi, con l&#8217;architettura e con la strada \u00e8 fondamentale nei suoi progetti. Si \u00e8 interessato alla risignificazione dei contesti storici, alle narrazioni nascoste e al patrimonio presente nei luoghi in cui lavora. Cos\u00ec, i [&hellip;]<\/p>\n","protected":false},"author":1,"featured_media":0,"parent":0,"menu_order":0,"comment_status":"closed","ping_status":"closed","template":"","meta":{"footnotes":""},"class_list":["post-7798","page","type-page","status-publish","hentry"],"acf":[],"yoast_head":"<!-- This site is optimized with the Yoast SEO plugin v24.3 - https:\/\/yoast.com\/wordpress\/plugins\/seo\/ -->\n<title>About - Gonzalo Borondo - Official Website | Gonzalo Borondo - Sitio Oficial<\/title>\n<meta name=\"description\" content=\"Scoprite la biografia, il portfolio e il curriculum dell&#039;artista spagnolo Gonzalo Borondo, esplorando il suo percorso artistico, le sue ispirazioni e la sua evoluzione creativa.\" \/>\n<meta name=\"robots\" content=\"index, follow, max-snippet:-1, max-image-preview:large, max-video-preview:-1\" \/>\n<link rel=\"canonical\" href=\"https:\/\/gonzaloborondo.com\/it\/about\/\" \/>\n<meta property=\"og:locale\" content=\"it_IT\" \/>\n<meta property=\"og:type\" content=\"article\" \/>\n<meta property=\"og:title\" content=\"About - Gonzalo Borondo - Official Website | Gonzalo Borondo - Sitio Oficial\" \/>\n<meta property=\"og:description\" content=\"Scoprite la biografia, il portfolio e il curriculum dell&#039;artista spagnolo Gonzalo Borondo, esplorando il suo percorso artistico, le sue ispirazioni e la sua evoluzione creativa.\" \/>\n<meta property=\"og:url\" content=\"https:\/\/gonzaloborondo.com\/it\/about\/\" \/>\n<meta property=\"og:site_name\" content=\"Gonzalo Borondo - Official Website | Gonzalo Borondo - Sitio Oficial\" \/>\n<meta property=\"article:modified_time\" content=\"2026-04-27T07:40:07+00:00\" \/>\n<meta name=\"twitter:card\" content=\"summary_large_image\" \/>\n<meta name=\"twitter:label1\" content=\"Tempo di lettura stimato\" \/>\n\t<meta name=\"twitter:data1\" content=\"2 minuti\" \/>\n<script type=\"application\/ld+json\" class=\"yoast-schema-graph\">{\"@context\":\"https:\/\/schema.org\",\"@graph\":[{\"@type\":\"WebPage\",\"@id\":\"https:\/\/gonzaloborondo.com\/it\/about\/\",\"url\":\"https:\/\/gonzaloborondo.com\/it\/about\/\",\"name\":\"About - Gonzalo Borondo - Official Website | Gonzalo Borondo - Sitio Oficial\",\"isPartOf\":{\"@id\":\"https:\/\/gonzaloborondo.com\/it\/#website\"},\"datePublished\":\"2025-02-04T10:11:41+00:00\",\"dateModified\":\"2026-04-27T07:40:07+00:00\",\"description\":\"Scoprite la biografia, il portfolio e il curriculum dell'artista spagnolo Gonzalo Borondo, esplorando il suo percorso artistico, le sue ispirazioni e la sua evoluzione creativa.\",\"breadcrumb\":{\"@id\":\"https:\/\/gonzaloborondo.com\/it\/about\/#breadcrumb\"},\"inLanguage\":\"it-IT\",\"potentialAction\":[{\"@type\":\"ReadAction\",\"target\":[\"https:\/\/gonzaloborondo.com\/it\/about\/\"]}]},{\"@type\":\"BreadcrumbList\",\"@id\":\"https:\/\/gonzaloborondo.com\/it\/about\/#breadcrumb\",\"itemListElement\":[{\"@type\":\"ListItem\",\"position\":1,\"name\":\"Portada\",\"item\":\"https:\/\/gonzaloborondo.com\/it\/gonzalo-borondo\/\"},{\"@type\":\"ListItem\",\"position\":2,\"name\":\"ABOUT\"}]},{\"@type\":\"WebSite\",\"@id\":\"https:\/\/gonzaloborondo.com\/it\/#website\",\"url\":\"https:\/\/gonzaloborondo.com\/it\/\",\"name\":\"Gonzalo Borondo - Official Website | Gonzalo Borondo - Sitio Oficial\",\"description\":\"The official website of the spanish artist Gonzalo Borondo. News about International exhibition, photos of artworks, murals, installation and videos\",\"potentialAction\":[{\"@type\":\"SearchAction\",\"target\":{\"@type\":\"EntryPoint\",\"urlTemplate\":\"https:\/\/gonzaloborondo.com\/it\/?s={search_term_string}\"},\"query-input\":{\"@type\":\"PropertyValueSpecification\",\"valueRequired\":true,\"valueName\":\"search_term_string\"}}],\"inLanguage\":\"it-IT\"}]}<\/script>\n<!-- \/ Yoast SEO plugin. -->","yoast_head_json":{"title":"About - Gonzalo Borondo - Official Website | Gonzalo Borondo - Sitio Oficial","description":"Scoprite la biografia, il portfolio e il curriculum dell'artista spagnolo Gonzalo Borondo, esplorando il suo percorso artistico, le sue ispirazioni e la sua evoluzione creativa.","robots":{"index":"index","follow":"follow","max-snippet":"max-snippet:-1","max-image-preview":"max-image-preview:large","max-video-preview":"max-video-preview:-1"},"canonical":"https:\/\/gonzaloborondo.com\/it\/about\/","og_locale":"it_IT","og_type":"article","og_title":"About - Gonzalo Borondo - Official Website | Gonzalo Borondo - Sitio Oficial","og_description":"Scoprite la biografia, il portfolio e il curriculum dell'artista spagnolo Gonzalo Borondo, esplorando il suo percorso artistico, le sue ispirazioni e la sua evoluzione creativa.","og_url":"https:\/\/gonzaloborondo.com\/it\/about\/","og_site_name":"Gonzalo Borondo - Official Website | Gonzalo Borondo - Sitio Oficial","article_modified_time":"2026-04-27T07:40:07+00:00","twitter_card":"summary_large_image","twitter_misc":{"Tempo di lettura stimato":"2 minuti"},"schema":{"@context":"https:\/\/schema.org","@graph":[{"@type":"WebPage","@id":"https:\/\/gonzaloborondo.com\/it\/about\/","url":"https:\/\/gonzaloborondo.com\/it\/about\/","name":"About - Gonzalo Borondo - Official Website | Gonzalo Borondo - Sitio Oficial","isPartOf":{"@id":"https:\/\/gonzaloborondo.com\/it\/#website"},"datePublished":"2025-02-04T10:11:41+00:00","dateModified":"2026-04-27T07:40:07+00:00","description":"Scoprite la biografia, il portfolio e il curriculum dell'artista spagnolo Gonzalo Borondo, esplorando il suo percorso artistico, le sue ispirazioni e la sua evoluzione creativa.","breadcrumb":{"@id":"https:\/\/gonzaloborondo.com\/it\/about\/#breadcrumb"},"inLanguage":"it-IT","potentialAction":[{"@type":"ReadAction","target":["https:\/\/gonzaloborondo.com\/it\/about\/"]}]},{"@type":"BreadcrumbList","@id":"https:\/\/gonzaloborondo.com\/it\/about\/#breadcrumb","itemListElement":[{"@type":"ListItem","position":1,"name":"Portada","item":"https:\/\/gonzaloborondo.com\/it\/gonzalo-borondo\/"},{"@type":"ListItem","position":2,"name":"ABOUT"}]},{"@type":"WebSite","@id":"https:\/\/gonzaloborondo.com\/it\/#website","url":"https:\/\/gonzaloborondo.com\/it\/","name":"Gonzalo Borondo - Official Website | Gonzalo Borondo - Sitio Oficial","description":"The official website of the spanish artist Gonzalo Borondo. News about International exhibition, photos of artworks, murals, installation and videos","potentialAction":[{"@type":"SearchAction","target":{"@type":"EntryPoint","urlTemplate":"https:\/\/gonzaloborondo.com\/it\/?s={search_term_string}"},"query-input":{"@type":"PropertyValueSpecification","valueRequired":true,"valueName":"search_term_string"}}],"inLanguage":"it-IT"}]}},"_links":{"self":[{"href":"https:\/\/gonzaloborondo.com\/it\/wp-json\/wp\/v2\/pages\/7798","targetHints":{"allow":["GET"]}}],"collection":[{"href":"https:\/\/gonzaloborondo.com\/it\/wp-json\/wp\/v2\/pages"}],"about":[{"href":"https:\/\/gonzaloborondo.com\/it\/wp-json\/wp\/v2\/types\/page"}],"author":[{"embeddable":true,"href":"https:\/\/gonzaloborondo.com\/it\/wp-json\/wp\/v2\/users\/1"}],"replies":[{"embeddable":true,"href":"https:\/\/gonzaloborondo.com\/it\/wp-json\/wp\/v2\/comments?post=7798"}],"version-history":[{"count":12,"href":"https:\/\/gonzaloborondo.com\/it\/wp-json\/wp\/v2\/pages\/7798\/revisions"}],"predecessor-version":[{"id":8477,"href":"https:\/\/gonzaloborondo.com\/it\/wp-json\/wp\/v2\/pages\/7798\/revisions\/8477"}],"wp:attachment":[{"href":"https:\/\/gonzaloborondo.com\/it\/wp-json\/wp\/v2\/media?parent=7798"}],"curies":[{"name":"wp","href":"https:\/\/api.w.org\/{rel}","templated":true}]}}