{"id":7174,"date":"2025-02-04T11:11:41","date_gmt":"2025-02-04T10:11:41","guid":{"rendered":"https:\/\/gonzaloborondo.com\/about\/"},"modified":"2025-06-19T09:41:43","modified_gmt":"2025-06-19T07:41:43","slug":"about","status":"publish","type":"page","link":"https:\/\/gonzaloborondo.com\/es\/about\/","title":{"rendered":"ABOUT"},"content":{"rendered":"\t\t<div data-elementor-type=\"wp-page\" data-elementor-id=\"7174\" class=\"elementor elementor-7174 elementor-872\" data-elementor-post-type=\"page\">\n\t\t\t\t<div class=\"elementor-element elementor-element-8722b76 e-flex e-con-boxed e-con e-parent\" data-id=\"8722b76\" data-element_type=\"container\">\n\t\t\t\t\t<div class=\"e-con-inner\">\n\t\t<div class=\"elementor-element elementor-element-2909083 e-con-full e-flex e-con e-child\" data-id=\"2909083\" data-element_type=\"container\">\n\t\t\t\t<div class=\"elementor-element elementor-element-9c6a57b elementor-icon-list--layout-inline elementor-mobile-align-center elementor-list-item-link-full_width elementor-widget elementor-widget-icon-list\" data-id=\"9c6a57b\" data-element_type=\"widget\" data-widget_type=\"icon-list.default\">\n\t\t\t\t<div class=\"elementor-widget-container\">\n\t\t\t\t\t\t\t<ul class=\"elementor-icon-list-items elementor-inline-items\">\n\t\t\t\t\t\t\t<li class=\"elementor-icon-list-item elementor-inline-item\">\n\t\t\t\t\t\t\t\t\t\t<span class=\"elementor-icon-list-text\"><span style=\"color: black;\"><strong>Biograf\u00eda<\/strong><\/span><\/span>\n\t\t\t\t\t\t\t\t\t<\/li>\n\t\t\t\t\t\t\t\t<li class=\"elementor-icon-list-item elementor-inline-item\">\n\t\t\t\t\t\t\t\t\t\t\t<a href=\"https:\/\/gonzaloborondo.com\/wp-content\/uploads\/2025\/06\/PORTFOLIO_GONZALO_BORONDO_2025_ESP.pdf\" target=\"_blank\" rel=\"nofollow\">\n\n\t\t\t\t\t\t\t\t\t\t\t<span class=\"elementor-icon-list-text\">Portfolio<\/span>\n\t\t\t\t\t\t\t\t\t\t\t<\/a>\n\t\t\t\t\t\t\t\t\t<\/li>\n\t\t\t\t\t\t\t\t<li class=\"elementor-icon-list-item elementor-inline-item\">\n\t\t\t\t\t\t\t\t\t\t\t<a href=\"https:\/\/gonzaloborondo.com\/wp-content\/uploads\/2025\/06\/CV_GONZALO_BORONDO_2025_ESP.pdf\" target=\"_blank\" rel=\"nofollow\">\n\n\t\t\t\t\t\t\t\t\t\t\t<span class=\"elementor-icon-list-text\">curr\u00edculum<\/span>\n\t\t\t\t\t\t\t\t\t\t\t<\/a>\n\t\t\t\t\t\t\t\t\t<\/li>\n\t\t\t\t\t\t<\/ul>\n\t\t\t\t\t\t<\/div>\n\t\t\t\t<\/div>\n\t\t\t\t<\/div>\n\t\t\t\t<div class=\"elementor-element elementor-element-69bbd9b elementor-widget elementor-widget-text-editor\" data-id=\"69bbd9b\" data-element_type=\"widget\" data-widget_type=\"text-editor.default\">\n\t\t\t\t<div class=\"elementor-widget-container\">\n\t\t\t\t\t\t\t\t\t<p>Gonzalo Borondo (Valladolid, 1989) es un artista multimedia que vive y trabaja entre Espa\u00f1a e Italia. Iniciado como muralista en el campo del arte p\u00fablico, su investigaci\u00f3n art\u00edstica actual gira en torno al valor de la memoria y el patrimonio, con especial atenci\u00f3n a las caracter\u00edsticas hist\u00f3ricas y relacionales de los espacios. Al concebir la Historia como un continuo, el artista encuentra en la cultura heredada y en la iconograf\u00eda tradicional una mir\u00edada de s\u00edmbolos capaces de renovar la perspectiva del presente cuando se actualizan. El resultado son intervenciones site-specific que cambian (con) el espacio, examinando el entorno para revelar aquellas narrativas y acontecimientos que han quedado enterrados en \u00e9l, y que potencialmente podr\u00edan dar lugar a otras visiones de lo contempor\u00e1neo.    <\/p><p>Las obras de Borondo operan desde la intersecci\u00f3n de diferentes medios, creando atm\u00f3sferas envolventes por medios anal\u00f3gicos y digitales. Lo hacen tomando la naturaleza como alegor\u00eda de lo espiritual, trascendente y sagrado, y la arquitectura como transposici\u00f3n de lo artificial y transitorio. La conexi\u00f3n entre lo humano y el paisaje sirve tambi\u00e9n de pretexto para reflexionar sobre la naturaleza de la psique humana, articulando un di\u00e1logo entre lo permanente y lo ef\u00edmero, entre lo esencial y lo artificial.   <\/p><p>Uno de los componentes formales m\u00e1s relevantes de la obra de Borondo es el salto temporal al que se enfrenta el p\u00fablico en el espacio intervenido art\u00edsticamente, lo que genera una mirada diferente sobre el pasado, pero, sobre todo, desvela una mirada alternativa sobre el presente. Desde 2010, Gonzalo Borondo ha colaborado con numerosas instituciones, festivales, museos, galer\u00edas y espacios sin \u00e1nimo de lucro, creando instalaciones en Inglaterra, Italia y Espa\u00f1a, Australia, India, Ucrania y Estados Unidos. Sus obras han sido expuestas en el Urban Nation Museum, Berl\u00edn, el MACRO Museum, Roma, la Capilla del Cementerio de Selci, o la antigua iglesia de San Mattia, Bolonia, entre otros. Asimismo, su intervenci\u00f3n en el Templo de Chartrons fue adquirida por el Mus\u00e9e d&#8217;art Contemporain de Burdeos como parte de su colecci\u00f3n permanente. Su exposici\u00f3n individual Hereditas, comisariada por Jos\u00e9 Mar\u00eda Parre\u00f1o, se mostr\u00f3 en el Museo de Arte Contempor\u00e1neo Esteban Vicente de Segovia. Desde 2023 es acad\u00e9mico de n\u00famero de la Real Academia de Historia y Arte de San Quirce.     <\/p>\t\t\t\t\t\t\t\t<\/div>\n\t\t\t\t<\/div>\n\t\t\t\t\t<\/div>\n\t\t\t\t<\/div>\n\t\t\t\t<\/div>\n\t\t","protected":false},"excerpt":{"rendered":"<p>Biograf\u00eda Portfolio curr\u00edculum Gonzalo Borondo (Valladolid, 1989) es un artista multimedia que vive y trabaja entre Espa\u00f1a e Italia. Iniciado como muralista en el campo del arte p\u00fablico, su investigaci\u00f3n art\u00edstica actual gira en torno al valor de la memoria y el patrimonio, con especial atenci\u00f3n a las caracter\u00edsticas hist\u00f3ricas y relacionales de los espacios. [&hellip;]<\/p>\n","protected":false},"author":1,"featured_media":0,"parent":0,"menu_order":0,"comment_status":"closed","ping_status":"closed","template":"","meta":{"footnotes":""},"class_list":["post-7174","page","type-page","status-publish","hentry"],"acf":[],"yoast_head":"<!-- This site is optimized with the Yoast SEO plugin v24.3 - https:\/\/yoast.com\/wordpress\/plugins\/seo\/ -->\n<title>About - Gonzalo Borondo - Official Website | Gonzalo Borondo - Sitio Oficial<\/title>\n<meta name=\"description\" content=\"Descubra la biograf\u00eda, portafolio y CV del artista espa\u00f1ol Gonzalo Borondo, explorando su trayectoria art\u00edstica, inspiraciones y evoluci\u00f3n creativa.\" \/>\n<meta name=\"robots\" content=\"index, follow, max-snippet:-1, max-image-preview:large, max-video-preview:-1\" \/>\n<link rel=\"canonical\" href=\"https:\/\/gonzaloborondo.com\/es\/about\/\" \/>\n<meta property=\"og:locale\" content=\"es_ES\" \/>\n<meta property=\"og:type\" content=\"article\" \/>\n<meta property=\"og:title\" content=\"About - Gonzalo Borondo - Official Website | Gonzalo Borondo - Sitio Oficial\" \/>\n<meta property=\"og:description\" content=\"Descubra la biograf\u00eda, portafolio y CV del artista espa\u00f1ol Gonzalo Borondo, explorando su trayectoria art\u00edstica, inspiraciones y evoluci\u00f3n creativa.\" \/>\n<meta property=\"og:url\" content=\"https:\/\/gonzaloborondo.com\/es\/about\/\" \/>\n<meta property=\"og:site_name\" content=\"Gonzalo Borondo - Official Website | Gonzalo Borondo - Sitio Oficial\" \/>\n<meta property=\"article:modified_time\" content=\"2025-06-19T07:41:43+00:00\" \/>\n<meta name=\"twitter:card\" content=\"summary_large_image\" \/>\n<meta name=\"twitter:label1\" content=\"Tiempo de lectura\" \/>\n\t<meta name=\"twitter:data1\" content=\"2 minutos\" \/>\n<script type=\"application\/ld+json\" class=\"yoast-schema-graph\">{\"@context\":\"https:\/\/schema.org\",\"@graph\":[{\"@type\":\"WebPage\",\"@id\":\"https:\/\/gonzaloborondo.com\/es\/about\/\",\"url\":\"https:\/\/gonzaloborondo.com\/es\/about\/\",\"name\":\"About - Gonzalo Borondo - Official Website | Gonzalo Borondo - Sitio Oficial\",\"isPartOf\":{\"@id\":\"https:\/\/gonzaloborondo.com\/es\/#website\"},\"datePublished\":\"2025-02-04T10:11:41+00:00\",\"dateModified\":\"2025-06-19T07:41:43+00:00\",\"description\":\"Descubra la biograf\u00eda, portafolio y CV del artista espa\u00f1ol Gonzalo Borondo, explorando su trayectoria art\u00edstica, inspiraciones y evoluci\u00f3n creativa.\",\"breadcrumb\":{\"@id\":\"https:\/\/gonzaloborondo.com\/es\/about\/#breadcrumb\"},\"inLanguage\":\"es\",\"potentialAction\":[{\"@type\":\"ReadAction\",\"target\":[\"https:\/\/gonzaloborondo.com\/es\/about\/\"]}]},{\"@type\":\"BreadcrumbList\",\"@id\":\"https:\/\/gonzaloborondo.com\/es\/about\/#breadcrumb\",\"itemListElement\":[{\"@type\":\"ListItem\",\"position\":1,\"name\":\"Portada\",\"item\":\"https:\/\/gonzaloborondo.com\/es\/gonzalo-borondo\/\"},{\"@type\":\"ListItem\",\"position\":2,\"name\":\"ABOUT\"}]},{\"@type\":\"WebSite\",\"@id\":\"https:\/\/gonzaloborondo.com\/es\/#website\",\"url\":\"https:\/\/gonzaloborondo.com\/es\/\",\"name\":\"Gonzalo Borondo - Official Website | Gonzalo Borondo - Sitio Oficial\",\"description\":\"The official website of the spanish artist Gonzalo Borondo. News about International exhibition, photos of artworks, murals, installation and videos\",\"potentialAction\":[{\"@type\":\"SearchAction\",\"target\":{\"@type\":\"EntryPoint\",\"urlTemplate\":\"https:\/\/gonzaloborondo.com\/es\/?s={search_term_string}\"},\"query-input\":{\"@type\":\"PropertyValueSpecification\",\"valueRequired\":true,\"valueName\":\"search_term_string\"}}],\"inLanguage\":\"es\"}]}<\/script>\n<!-- \/ Yoast SEO plugin. -->","yoast_head_json":{"title":"About - Gonzalo Borondo - Official Website | Gonzalo Borondo - Sitio Oficial","description":"Descubra la biograf\u00eda, portafolio y CV del artista espa\u00f1ol Gonzalo Borondo, explorando su trayectoria art\u00edstica, inspiraciones y evoluci\u00f3n creativa.","robots":{"index":"index","follow":"follow","max-snippet":"max-snippet:-1","max-image-preview":"max-image-preview:large","max-video-preview":"max-video-preview:-1"},"canonical":"https:\/\/gonzaloborondo.com\/es\/about\/","og_locale":"es_ES","og_type":"article","og_title":"About - Gonzalo Borondo - Official Website | Gonzalo Borondo - Sitio Oficial","og_description":"Descubra la biograf\u00eda, portafolio y CV del artista espa\u00f1ol Gonzalo Borondo, explorando su trayectoria art\u00edstica, inspiraciones y evoluci\u00f3n creativa.","og_url":"https:\/\/gonzaloborondo.com\/es\/about\/","og_site_name":"Gonzalo Borondo - Official Website | Gonzalo Borondo - Sitio Oficial","article_modified_time":"2025-06-19T07:41:43+00:00","twitter_card":"summary_large_image","twitter_misc":{"Tiempo de lectura":"2 minutos"},"schema":{"@context":"https:\/\/schema.org","@graph":[{"@type":"WebPage","@id":"https:\/\/gonzaloborondo.com\/es\/about\/","url":"https:\/\/gonzaloborondo.com\/es\/about\/","name":"About - Gonzalo Borondo - Official Website | Gonzalo Borondo - Sitio Oficial","isPartOf":{"@id":"https:\/\/gonzaloborondo.com\/es\/#website"},"datePublished":"2025-02-04T10:11:41+00:00","dateModified":"2025-06-19T07:41:43+00:00","description":"Descubra la biograf\u00eda, portafolio y CV del artista espa\u00f1ol Gonzalo Borondo, explorando su trayectoria art\u00edstica, inspiraciones y evoluci\u00f3n creativa.","breadcrumb":{"@id":"https:\/\/gonzaloborondo.com\/es\/about\/#breadcrumb"},"inLanguage":"es","potentialAction":[{"@type":"ReadAction","target":["https:\/\/gonzaloborondo.com\/es\/about\/"]}]},{"@type":"BreadcrumbList","@id":"https:\/\/gonzaloborondo.com\/es\/about\/#breadcrumb","itemListElement":[{"@type":"ListItem","position":1,"name":"Portada","item":"https:\/\/gonzaloborondo.com\/es\/gonzalo-borondo\/"},{"@type":"ListItem","position":2,"name":"ABOUT"}]},{"@type":"WebSite","@id":"https:\/\/gonzaloborondo.com\/es\/#website","url":"https:\/\/gonzaloborondo.com\/es\/","name":"Gonzalo Borondo - Official Website | Gonzalo Borondo - Sitio Oficial","description":"The official website of the spanish artist Gonzalo Borondo. News about International exhibition, photos of artworks, murals, installation and videos","potentialAction":[{"@type":"SearchAction","target":{"@type":"EntryPoint","urlTemplate":"https:\/\/gonzaloborondo.com\/es\/?s={search_term_string}"},"query-input":{"@type":"PropertyValueSpecification","valueRequired":true,"valueName":"search_term_string"}}],"inLanguage":"es"}]}},"_links":{"self":[{"href":"https:\/\/gonzaloborondo.com\/es\/wp-json\/wp\/v2\/pages\/7174","targetHints":{"allow":["GET"]}}],"collection":[{"href":"https:\/\/gonzaloborondo.com\/es\/wp-json\/wp\/v2\/pages"}],"about":[{"href":"https:\/\/gonzaloborondo.com\/es\/wp-json\/wp\/v2\/types\/page"}],"author":[{"embeddable":true,"href":"https:\/\/gonzaloborondo.com\/es\/wp-json\/wp\/v2\/users\/1"}],"replies":[{"embeddable":true,"href":"https:\/\/gonzaloborondo.com\/es\/wp-json\/wp\/v2\/comments?post=7174"}],"version-history":[{"count":9,"href":"https:\/\/gonzaloborondo.com\/es\/wp-json\/wp\/v2\/pages\/7174\/revisions"}],"predecessor-version":[{"id":8177,"href":"https:\/\/gonzaloborondo.com\/es\/wp-json\/wp\/v2\/pages\/7174\/revisions\/8177"}],"wp:attachment":[{"href":"https:\/\/gonzaloborondo.com\/es\/wp-json\/wp\/v2\/media?parent=7174"}],"curies":[{"name":"wp","href":"https:\/\/api.w.org\/{rel}","templated":true}]}}